{"id":1934,"date":"2022-09-29T07:13:11","date_gmt":"2022-09-29T00:13:11","guid":{"rendered":"https:\/\/fancy.net.vn\/?post_type=product&#038;p=1934"},"modified":"2023-03-07T14:51:07","modified_gmt":"2023-03-07T07:51:07","slug":"thiet-bi-van-phong-nut-may-in","status":"publish","type":"product","link":"https:\/\/fancy.net.vn\/en\/sam-pham\/thiet-bi-van-phong-nut-may-in\/","title":{"rendered":"Thi\u1ebft b\u1ecb v\u0103n ph\u00f2ng &#8211; N\u00fat"},"content":{"rendered":"\n<p><strong>T\u00ean s\u1ea3n ph\u1ea9m:<\/strong> Thi\u1ebft b\u1ecb v\u0103n ph\u00f2ng \/ C\u00e1c n\u00fat \/ N\u00fat silicone c\u1ee7a M\u00e1y in (Ch\u00e0o m\u1eebng b\u1ea1n \u0111\u1ebfn v\u1edbi c\u00e1c b\u1ea3n v\u1ebd v\u00e0 m\u1eabu t\u00f9y ch\u1ec9nh)<\/p>\n\n\n\n<p>C\u00e1c s\u1ea3n ph\u1ea9m nhu y\u1ebfu ph\u1ea9m h\u00e0ng ng\u00e0y nh\u01b0 n\u00fat \u0111i\u1ec1u khi\u1ec3n t\u1eeb xa, n\u00fat b\u1ea3ng \u0111i\u1ec1u khi\u1ec3n tr\u00f2 ch\u01a1i<br><strong>Ph\u01b0\u01a1ng ph\u00e1p x\u1eed l\u00fd: <\/strong>t\u00f9y ch\u1ec9nh theo m\u1eabu ho\u1eb7c b\u1ea3n v\u1ebd<br><strong>Y\u00eau c\u1ea7u quy tr\u00ecnh: <\/strong>\u0111\u1ecbnh h\u00ecnh &#8211; in l\u1ee5a &#8211; phun s\u01a1n &#8211; ki\u1ec3m tra ch\u1ea5t l\u01b0\u1ee3ng<br><strong>Ch\u1ea5t li\u1ec7u:<\/strong> 100% silica gel (Silicone) tinh khi\u1ebft, ho\u00e0n to\u00e0n ph\u00f9 h\u1ee3p v\u1edbi ti\u00eau chu\u1ea9n ROHS<br><strong>M\u00e0u s\u1eafc:<\/strong> C\u00f3 nhi\u1ec1u m\u00e0u s\u1eafc kh\u00e1c nhau<br><strong>C\u00e1c t\u00ednh n\u0103ng:<\/strong> \u0110\u01b0\u1ee3c \u0111\u00fac, m\u1ec1m khi ch\u1ea1m v\u00e0o, kh\u00f4ng bi\u1ebfn d\u1ea1ng, ch\u1ed1ng r\u00e1ch, ch\u1ecbu ma s\u00e1t, ch\u1ecbu nhi\u1ec7t \u0111\u1ed9 cao, th\u00e2n thi\u1ec7n v\u1edbi m\u00f4i tr\u01b0\u1eddng v\u00e0 kh\u00f4ng \u0111\u1ed9c h\u1ea1i.<br><strong>Quy c\u00e1ch \u0111\u00f3ng g\u00f3i:<\/strong> 1, \u0111\u00f3ng g\u00f3i b\u00ean trong: t\u00fai PE 2, bao b\u00ec b\u00ean ngo\u00e0i: th\u00f9ng carton 3, c\u00e1c y\u00eau c\u1ea7u \u0111\u1eb7c bi\u1ec7t c\u00f3 th\u1ec3 \u0111\u01b0\u1ee3c t\u00f9y ch\u1ec9nh<\/p>\n\n\n\n<p><strong>Quy tr\u00ecnh c\u00f4ng ngh\u1ec7 s\u1ea3n xu\u1ea5t :<\/strong><\/p>\n\n\n\n<p class=\"has-vivid-red-color has-text-color\" style=\"font-size:30px\">Tinh ch\u1ebf cao su \u2192 \u0111\u00fac \u2192 phun d\u1ea7u \u2192 in \u2192 kh\u1eafc laser \u2192 phun PU<\/p>\n","protected":false},"excerpt":{"rendered":"<p>T\u00ean s\u1ea3n ph\u1ea9m: Thi\u1ebft b\u1ecb v\u0103n ph\u00f2ng \/ C\u00e1c n\u00fat \/ N\u00fat silicone c\u1ee7a M\u00e1y in (Ch\u00e0o m\u1eebng b\u1ea1n \u0111\u1ebfn v\u1edbi c\u00e1c b\u1ea3n v\u1ebd v\u00e0 m\u1eabu t\u00f9y ch\u1ec9nh) C\u00e1c s\u1ea3n ph\u1ea9m nhu y\u1ebfu ph\u1ea9m h\u00e0ng ng\u00e0y nh\u01b0 n\u00fat \u0111i\u1ec1u khi\u1ec3n t\u1eeb xa, n\u00fat b\u1ea3ng \u0111i\u1ec1u khi\u1ec3n tr\u00f2 ch\u01a1iPh\u01b0\u01a1ng ph\u00e1p x\u1eed l\u00fd: t\u00f9y ch\u1ec9nh theo m\u1eabu [&hellip;]\n","protected":false},"featured_media":1935,"comment_status":"open","ping_status":"closed","template":"","meta":[],"_links":{"self":[{"href":"https:\/\/fancy.net.vn\/en\/wp-json\/wp\/v2\/product\/1934"}],"collection":[{"href":"https:\/\/fancy.net.vn\/en\/wp-json\/wp\/v2\/product"}],"about":[{"href":"https:\/\/fancy.net.vn\/en\/wp-json\/wp\/v2\/types\/product"}],"replies":[{"embeddable":true,"href":"https:\/\/fancy.net.vn\/en\/wp-json\/wp\/v2\/comments?post=1934"}],"wp:featuredmedia":[{"embeddable":true,"href":"https:\/\/fancy.net.vn\/en\/wp-json\/wp\/v2\/media\/1935"}],"wp:attachment":[{"href":"https:\/\/fancy.net.vn\/en\/wp-json\/wp\/v2\/media?parent=1934"}],"curies":[{"name":"wp","href":"https:\/\/api.w.org\/{rel}","templated":true}]}}