{"id":2611,"date":"2023-03-07T14:47:04","date_gmt":"2023-03-07T07:47:04","guid":{"rendered":"https:\/\/fancy.net.vn\/?post_type=product&#038;p=2611"},"modified":"2023-03-07T14:47:22","modified_gmt":"2023-03-07T07:47:22","slug":"bo-phan-ep-dun-bot-ep-dun","status":"publish","type":"product","link":"https:\/\/fancy.net.vn\/en\/sam-pham\/bo-phan-ep-dun-bot-ep-dun\/","title":{"rendered":"B\u1ed9 ph\u1eadn \u00e9p \u0111\u00f9n &#8211; b\u1ecdt \u00e9p \u0111\u00f9n"},"content":{"rendered":"\n<p>S\u1ea3n ph\u1ea9m c\u00f3 trong Nhu y\u1ebfu ph\u1ea9m h\u00e0ng ng\u00e0y, thi\u1ebft b\u1ecb gia d\u1ee5ng, v\u1eadt li\u1ec7u c\u00e1ch nhi\u1ec7t, ni\u00eam phong v\u00e0 \u00e9p \u0111\u00f9n ch\u1ed1ng b\u1ee5i<\/p>\n\n\n\n<p><strong>Quy tr\u00ecnh c\u00f4ng ngh\u1ec7 s\u1ea3n xu\u1ea5t s\u1ea3n ph\u1ea9m:<\/strong><\/p>\n\n\n\n<p class=\"has-vivid-red-color has-text-color\" style=\"font-size:30px\"><strong>Tr\u1ed9n cao su \u2192 \u0111\u00f9n \u2192 c\u1eaft<\/strong><\/p>\n","protected":false},"excerpt":{"rendered":"<p>S\u1ea3n ph\u1ea9m c\u00f3 trong Nhu y\u1ebfu ph\u1ea9m h\u00e0ng ng\u00e0y, thi\u1ebft b\u1ecb gia d\u1ee5ng, v\u1eadt li\u1ec7u c\u00e1ch nhi\u1ec7t, ni\u00eam phong v\u00e0 \u00e9p \u0111\u00f9n ch\u1ed1ng b\u1ee5i Quy tr\u00ecnh c\u00f4ng ngh\u1ec7 s\u1ea3n xu\u1ea5t s\u1ea3n ph\u1ea9m: Tr\u1ed9n cao su \u2192 \u0111\u00f9n \u2192 c\u1eaft<\/p>\n","protected":false},"featured_media":2612,"comment_status":"open","ping_status":"closed","template":"","meta":[],"_links":{"self":[{"href":"https:\/\/fancy.net.vn\/en\/wp-json\/wp\/v2\/product\/2611"}],"collection":[{"href":"https:\/\/fancy.net.vn\/en\/wp-json\/wp\/v2\/product"}],"about":[{"href":"https:\/\/fancy.net.vn\/en\/wp-json\/wp\/v2\/types\/product"}],"replies":[{"embeddable":true,"href":"https:\/\/fancy.net.vn\/en\/wp-json\/wp\/v2\/comments?post=2611"}],"wp:featuredmedia":[{"embeddable":true,"href":"https:\/\/fancy.net.vn\/en\/wp-json\/wp\/v2\/media\/2612"}],"wp:attachment":[{"href":"https:\/\/fancy.net.vn\/en\/wp-json\/wp\/v2\/media?parent=2611"}],"curies":[{"name":"wp","href":"https:\/\/api.w.org\/{rel}","templated":true}]}}