{"id":2751,"date":"2023-03-21T16:20:10","date_gmt":"2023-03-21T09:20:10","guid":{"rendered":"https:\/\/fancy.net.vn\/?post_type=product&#038;p=2751"},"modified":"2023-04-01T08:55:05","modified_gmt":"2023-04-01T01:55:05","slug":"tam-kim-loai-roi","status":"publish","type":"product","link":"https:\/\/fancy.net.vn\/en\/sam-pham\/tam-kim-loai-roi\/","title":{"rendered":"T\u1ea5m kim lo\u1ea1i r\u1eddi"},"content":{"rendered":"\n<p>Quy tr\u00ecnh c\u00f4ng ngh\u1ec7 :<\/p>\n\n\n\n<p class=\"has-vivid-red-color has-text-color\" style=\"font-size:26px\">D\u1eadp + t\u00e1n \u0111inh + l\u00e0m s\u1ea1ch<\/p>\n","protected":false},"excerpt":{"rendered":"<p>Quy tr\u00ecnh c\u00f4ng ngh\u1ec7 : D\u1eadp + t\u00e1n \u0111inh + l\u00e0m s\u1ea1ch<\/p>\n","protected":false},"featured_media":2752,"comment_status":"open","ping_status":"closed","template":"","meta":[],"_links":{"self":[{"href":"https:\/\/fancy.net.vn\/en\/wp-json\/wp\/v2\/product\/2751"}],"collection":[{"href":"https:\/\/fancy.net.vn\/en\/wp-json\/wp\/v2\/product"}],"about":[{"href":"https:\/\/fancy.net.vn\/en\/wp-json\/wp\/v2\/types\/product"}],"replies":[{"embeddable":true,"href":"https:\/\/fancy.net.vn\/en\/wp-json\/wp\/v2\/comments?post=2751"}],"wp:featuredmedia":[{"embeddable":true,"href":"https:\/\/fancy.net.vn\/en\/wp-json\/wp\/v2\/media\/2752"}],"wp:attachment":[{"href":"https:\/\/fancy.net.vn\/en\/wp-json\/wp\/v2\/media?parent=2751"}],"curies":[{"name":"wp","href":"https:\/\/api.w.org\/{rel}","templated":true}]}}