{"id":2763,"date":"2023-03-21T16:27:58","date_gmt":"2023-03-21T09:27:58","guid":{"rendered":"https:\/\/fancy.net.vn\/?post_type=product&#038;p=2763"},"modified":"2023-04-01T08:54:18","modified_gmt":"2023-04-01T01:54:18","slug":"gia-do-thiet-bi-phong-tam","status":"publish","type":"product","link":"https:\/\/fancy.net.vn\/en\/sam-pham\/gia-do-thiet-bi-phong-tam\/","title":{"rendered":"Gi\u00e1 \u0111\u1ee1 thi\u1ebft b\u1ecb ph\u00f2ng t\u1eafm"},"content":{"rendered":"\n<p><strong>Quy tr\u00ecnh c\u00f4ng ngh\u1ec7 :<\/strong><\/p>\n\n\n\n<p class=\"has-vivid-red-color has-text-color\" style=\"font-size:26px\">D\u1eadp + t\u00e1n \u0111inh + l\u00e0m s\u1ea1ch<\/p>\n","protected":false},"excerpt":{"rendered":"<p>Quy tr\u00ecnh c\u00f4ng ngh\u1ec7 : D\u1eadp + t\u00e1n \u0111inh + l\u00e0m s\u1ea1ch<\/p>\n","protected":false},"featured_media":2764,"comment_status":"open","ping_status":"closed","template":"","meta":[],"_links":{"self":[{"href":"https:\/\/fancy.net.vn\/en\/wp-json\/wp\/v2\/product\/2763"}],"collection":[{"href":"https:\/\/fancy.net.vn\/en\/wp-json\/wp\/v2\/product"}],"about":[{"href":"https:\/\/fancy.net.vn\/en\/wp-json\/wp\/v2\/types\/product"}],"replies":[{"embeddable":true,"href":"https:\/\/fancy.net.vn\/en\/wp-json\/wp\/v2\/comments?post=2763"}],"wp:featuredmedia":[{"embeddable":true,"href":"https:\/\/fancy.net.vn\/en\/wp-json\/wp\/v2\/media\/2764"}],"wp:attachment":[{"href":"https:\/\/fancy.net.vn\/en\/wp-json\/wp\/v2\/media?parent=2763"}],"curies":[{"name":"wp","href":"https:\/\/api.w.org\/{rel}","templated":true}]}}