{"id":2800,"date":"2023-03-22T09:22:52","date_gmt":"2023-03-22T02:22:52","guid":{"rendered":"https:\/\/fancy.net.vn\/?post_type=product&#038;p=2800"},"modified":"2023-03-22T09:23:49","modified_gmt":"2023-03-22T02:23:49","slug":"truc-ngan-kim-loai-chinh-xac","status":"publish","type":"product","link":"https:\/\/fancy.net.vn\/en\/sam-pham\/truc-ngan-kim-loai-chinh-xac\/","title":{"rendered":"Tr\u1ee5c ng\u1eafn kim lo\u1ea1i ch\u00ednh x\u00e1c"},"content":{"rendered":"\n<p>S\u1eed d\u1ee5ng cho c\u00e1c linh ki\u1ec7n ch\u00ednh x\u00e1c c\u1ee7a \u00f4 t\u00f4, \u0111\u1ea7u n\u1ed1i thi\u1ebft b\u1ecb truy\u1ec1n tin, \u0111\u1ea7u n\u1ed1i \u0111i\u1ec7n t\u1eed; \u1ed1c v\u00edt d\u00f9ng cho m\u00e1y t\u00ednh, \u0111ai \u1ed1c; \u0111ai \u1ed1c \u0111i\u1ec7n tho\u1ea1i di \u0111\u1ed9ng; \u0111\u1ed3ng tr\u1ee5c quang \u0111i\u1ec7n, \u0111inh t\u00e1n kim lo\u1ea1i ch\u00ednh x\u00e1c, tr\u1ee5c \u0111inh t\u00e1n, thi\u1ebft b\u1ecb h\u1ed7 tr\u1ee3 y t\u1ebf, thi\u1ebft b\u1ecb c\u00f4ng c\u1ee5 t\u00e0i ch\u00ednh OA, m\u00e1y photocopy, m\u00e1y in, m\u00e1y \u0111\u1ebfm ti\u1ec1n, c\u00e1c lo\u1ea1i tr\u1ee5c d\u00e0i, tr\u1ee5c ng\u1eafn, v\u00e0 c\u00e1c s\u1ea3n ph\u1ea9m ch\u00ednh x\u00e1c phi ti\u00eau chu\u1ea9n kh\u00e1c.<\/p>\n\n\n\n<p><strong>Quy tr\u00ecnh c\u00f4ng ngh\u1ec7 :<\/strong><\/p>\n\n\n\n<ol class=\"has-vivid-red-color has-text-color\" style=\"font-size:26px\"><li>Tr\u1ee5c: m\u00e1y ti\u1ec7n t\u1ef1 \u0111\u1ed9ng =&gt; m\u00e0i kh\u00f4ng t\u00e2m \/ m\u00e0i b\u01b0\u1edbc =&gt; phay v\u00e0 l\u00e0m ph\u1eb3ng =&gt; m\u1ea1 \u0111i\u1ec7n;<\/li><li>\u1ed0ng nh\u00f4m: xe t\u1ef1 \u0111\u1ed9ng =&gt; xe hai \u0111\u1ea7u =&gt; xe tr\u00f2n b\u00ean ngo\u00e0i =&gt; l\u1eafp tr\u1ee5c ch\u1ed1t \u1edf c\u1ea3 hai \u0111\u1ea7u;<\/li><li>B\u00e1nh r\u0103ng: xe s\u1ed1 t\u1ef1 \u0111\u1ed9ng =&gt; kh\u00eda\/ c\u00e1n =&gt; m\u1ea1 \u0111i\u1ec7n<\/li><\/ol>\n","protected":false},"excerpt":{"rendered":"<p>S\u1eed d\u1ee5ng cho c\u00e1c linh ki\u1ec7n ch\u00ednh x\u00e1c c\u1ee7a \u00f4 t\u00f4, \u0111\u1ea7u n\u1ed1i thi\u1ebft b\u1ecb truy\u1ec1n tin, \u0111\u1ea7u n\u1ed1i \u0111i\u1ec7n t\u1eed; \u1ed1c v\u00edt d\u00f9ng cho m\u00e1y t\u00ednh, \u0111ai \u1ed1c; \u0111ai \u1ed1c \u0111i\u1ec7n tho\u1ea1i di \u0111\u1ed9ng; \u0111\u1ed3ng tr\u1ee5c quang \u0111i\u1ec7n, \u0111inh t\u00e1n kim lo\u1ea1i ch\u00ednh x\u00e1c, tr\u1ee5c \u0111inh t\u00e1n, thi\u1ebft b\u1ecb h\u1ed7 tr\u1ee3 y t\u1ebf, thi\u1ebft [&hellip;]\n","protected":false},"featured_media":2801,"comment_status":"open","ping_status":"closed","template":"","meta":[],"_links":{"self":[{"href":"https:\/\/fancy.net.vn\/en\/wp-json\/wp\/v2\/product\/2800"}],"collection":[{"href":"https:\/\/fancy.net.vn\/en\/wp-json\/wp\/v2\/product"}],"about":[{"href":"https:\/\/fancy.net.vn\/en\/wp-json\/wp\/v2\/types\/product"}],"replies":[{"embeddable":true,"href":"https:\/\/fancy.net.vn\/en\/wp-json\/wp\/v2\/comments?post=2800"}],"wp:featuredmedia":[{"embeddable":true,"href":"https:\/\/fancy.net.vn\/en\/wp-json\/wp\/v2\/media\/2801"}],"wp:attachment":[{"href":"https:\/\/fancy.net.vn\/en\/wp-json\/wp\/v2\/media?parent=2800"}],"curies":[{"name":"wp","href":"https:\/\/api.w.org\/{rel}","templated":true}]}}