{"id":2928,"date":"2023-04-04T08:33:28","date_gmt":"2023-04-04T01:33:28","guid":{"rendered":"https:\/\/fancy.net.vn\/?post_type=product&#038;p=2928"},"modified":"2023-04-04T08:37:10","modified_gmt":"2023-04-04T01:37:10","slug":"tam-in-khac-pc","status":"publish","type":"product","link":"https:\/\/fancy.net.vn\/en\/sam-pham\/tam-in-khac-pc\/","title":{"rendered":"T\u1ea5m in kh\u1eafc PC"},"content":{"rendered":"\n<p>C\u00e1c lo\u1ea1i t\u1ea5m in kh\u1eafc PC, mi\u1ebfng d\u00e1n<\/p>\n\n\n\n<p><strong>Quy tr\u00ecnh c\u00f4ng ngh\u1ec7 :<\/strong><\/p>\n\n\n\n<p class=\"has-vivid-red-color has-text-color\"><strong>In \u1ea5n => \u00e9p nhi\u1ec7t => l\u1eafp r\u00e1p => c\u1eaft b\u1ebf<\/strong><\/p>\n","protected":false},"excerpt":{"rendered":"<p>C\u00e1c lo\u1ea1i t\u1ea5m in kh\u1eafc PC, mi\u1ebfng d\u00e1n Quy tr\u00ecnh c\u00f4ng ngh\u1ec7 : In \u1ea5n => \u00e9p nhi\u1ec7t => l\u1eafp r\u00e1p => c\u1eaft b\u1ebf<\/p>\n","protected":false},"featured_media":2929,"comment_status":"open","ping_status":"closed","template":"","meta":[],"_links":{"self":[{"href":"https:\/\/fancy.net.vn\/en\/wp-json\/wp\/v2\/product\/2928"}],"collection":[{"href":"https:\/\/fancy.net.vn\/en\/wp-json\/wp\/v2\/product"}],"about":[{"href":"https:\/\/fancy.net.vn\/en\/wp-json\/wp\/v2\/types\/product"}],"replies":[{"embeddable":true,"href":"https:\/\/fancy.net.vn\/en\/wp-json\/wp\/v2\/comments?post=2928"}],"wp:featuredmedia":[{"embeddable":true,"href":"https:\/\/fancy.net.vn\/en\/wp-json\/wp\/v2\/media\/2929"}],"wp:attachment":[{"href":"https:\/\/fancy.net.vn\/en\/wp-json\/wp\/v2\/media?parent=2928"}],"curies":[{"name":"wp","href":"https:\/\/api.w.org\/{rel}","templated":true}]}}