{"id":2967,"date":"2023-04-04T08:43:33","date_gmt":"2023-04-04T01:43:33","guid":{"rendered":"https:\/\/fancy.net.vn\/?post_type=product&#038;p=2967"},"modified":"2023-04-04T08:44:05","modified_gmt":"2023-04-04T01:44:05","slug":"cong-tac-mang","status":"publish","type":"product","link":"https:\/\/fancy.net.vn\/en\/sam-pham\/cong-tac-mang\/","title":{"rendered":"C\u00f4ng t\u1eafc m\u00e0ng"},"content":{"rendered":"\n<p><strong>Quy tr\u00ecnh c\u00f4ng ngh\u1ec7 :<\/strong><\/p>\n\n\n\n<p class=\"has-vivid-red-color has-text-color\"><strong>In \u1ea5n => d\u00e2y m\u1ea1ch => d\u00e1n h\u1ee3p => l\u1eafp r\u00e1p => th\u00e0nh h\u00ecnh<\/strong><\/p>\n","protected":false},"excerpt":{"rendered":"<p>Quy tr\u00ecnh c\u00f4ng ngh\u1ec7 : In \u1ea5n => d\u00e2y m\u1ea1ch => d\u00e1n h\u1ee3p => l\u1eafp r\u00e1p => th\u00e0nh h\u00ecnh<\/p>\n","protected":false},"featured_media":2968,"comment_status":"open","ping_status":"closed","template":"","meta":[],"_links":{"self":[{"href":"https:\/\/fancy.net.vn\/en\/wp-json\/wp\/v2\/product\/2967"}],"collection":[{"href":"https:\/\/fancy.net.vn\/en\/wp-json\/wp\/v2\/product"}],"about":[{"href":"https:\/\/fancy.net.vn\/en\/wp-json\/wp\/v2\/types\/product"}],"replies":[{"embeddable":true,"href":"https:\/\/fancy.net.vn\/en\/wp-json\/wp\/v2\/comments?post=2967"}],"wp:featuredmedia":[{"embeddable":true,"href":"https:\/\/fancy.net.vn\/en\/wp-json\/wp\/v2\/media\/2968"}],"wp:attachment":[{"href":"https:\/\/fancy.net.vn\/en\/wp-json\/wp\/v2\/media?parent=2967"}],"curies":[{"name":"wp","href":"https:\/\/api.w.org\/{rel}","templated":true}]}}